{"id":20257,"date":"2024-06-28T15:07:28","date_gmt":"2024-06-28T15:07:28","guid":{"rendered":"https:\/\/brasserie-lespetitsprinces.com\/?page_id=20257"},"modified":"2024-06-28T15:18:31","modified_gmt":"2024-06-28T15:18:31","slug":"mentions-legales","status":"publish","type":"page","link":"https:\/\/brasserie-lespetitsprinces.com\/fr\/mentions-legales\/","title":{"rendered":"Mentions l\u00e9gales"},"content":{"rendered":"\t\t<div data-elementor-type=\"wp-page\" data-elementor-id=\"20257\" class=\"elementor elementor-20257\" data-elementor-settings=\"{&quot;ha_cmc_init_switcher&quot;:&quot;no&quot;}\" data-elementor-post-type=\"page\">\n\t\t\t\t\t\t<section class=\"elementor-section elementor-top-section elementor-element elementor-element-d78e7da elementor-section-full_width elementor-section-height-min-height elementor-section-height-default elementor-section-items-middle sc_fly_static\" data-id=\"d78e7da\" data-element_type=\"section\" data-settings=\"{&quot;background_background&quot;:&quot;classic&quot;,&quot;_ha_eqh_enable&quot;:false}\">\n\t\t\t\t\t\t\t<div class=\"elementor-background-overlay\"><\/div>\n\t\t\t\t\t\t\t<div class=\"elementor-container elementor-column-gap-extended\">\n\t\t\t\t\t<div class=\"elementor-column elementor-col-100 elementor-top-column elementor-element elementor-element-28ffba4 sc_inner_width_none sc_content_align_inherit sc_layouts_column_icons_position_left sc_fly_static\" data-id=\"28ffba4\" data-element_type=\"column\">\n\t\t\t<div class=\"elementor-widget-wrap elementor-element-populated\">\n\t\t\t\t\t\t<div class=\"elementor-element elementor-element-93f8f10 sc_fly_static elementor-widget elementor-widget-heading\" data-id=\"93f8f10\" data-element_type=\"widget\" data-widget_type=\"heading.default\">\n\t\t\t\t<div class=\"elementor-widget-container\">\n\t\t\t\t\t<h1 class=\"elementor-heading-title elementor-size-default\">Mentions l\u00e9gales<\/h1>\t\t\t\t<\/div>\n\t\t\t\t<\/div>\n\t\t\t\t\t<\/div>\n\t\t<\/div>\n\t\t\t\t\t<\/div>\n\t\t<\/section>\n\t\t\t\t<section class=\"elementor-section elementor-top-section elementor-element elementor-element-26dc149 scheme_default elementor-reverse-mobile elementor-section-boxed elementor-section-height-default elementor-section-height-default sc_fly_static\" data-id=\"26dc149\" data-element_type=\"section\" data-settings=\"{&quot;background_background&quot;:&quot;classic&quot;,&quot;_ha_eqh_enable&quot;:false}\">\n\t\t\t\t\t\t<div class=\"elementor-container elementor-column-gap-extended\">\n\t\t\t\t\t<div class=\"elementor-column elementor-col-100 elementor-top-column elementor-element elementor-element-b8e8b93 sc_inner_width_none sc_content_align_inherit sc_layouts_column_icons_position_left sc_fly_static\" data-id=\"b8e8b93\" data-element_type=\"column\">\n\t\t\t<div class=\"elementor-widget-wrap elementor-element-populated\">\n\t\t\t\t\t\t<div class=\"elementor-element elementor-element-c9c5c0d sc_fly_static elementor-widget elementor-widget-trx_sc_title\" data-id=\"c9c5c0d\" data-element_type=\"widget\" data-widget_type=\"trx_sc_title.default\">\n\t\t\t\t<div class=\"elementor-widget-container\">\n\t\t\t\t\t<div\t\tclass=\"sc_title sc_title_icon\" ><h1 class=\"sc_item_title sc_title_title sc_item_title_style_icon sc_item_title_tag trx_addons_inline_965730910\"\n\t\t\t><span class=\"sc_item_title_text\">Mentions l\u00e9gales<\/span><\/h1><\/div>\t\t\t\t<\/div>\n\t\t\t\t<\/div>\n\t\t\t\t<div class=\"elementor-element elementor-element-4595b6d sc_fly_static elementor-widget elementor-widget-text-editor\" data-id=\"4595b6d\" data-element_type=\"widget\" data-widget_type=\"text-editor.default\">\n\t\t\t\t<div class=\"elementor-widget-container\">\n\t\t\t\t\t\t\t\t\t<div class=\"elementor-element elementor-element-ce652ca elementor-widget elementor-widget-heading\" data-id=\"ce652ca\" data-element_type=\"widget\" data-widget_type=\"heading.default\"><div class=\"elementor-widget-container\"><h2 class=\"elementor-heading-title elementor-size-default\">B\u00e9n\u00e9ficiaire<\/h2><p>\u00a0<\/p><\/div><\/div><div class=\"elementor-element elementor-element-aefe30e elementor-widget elementor-widget-text-editor\" data-id=\"aefe30e\" data-element_type=\"widget\" data-widget_type=\"text-editor.default\"><div class=\"elementor-widget-container\"><p><strong>LES PRINCES<\/strong><\/p><p>SARLau capital de 350 000\u20ac<\/p><p>73 RUE DESIRE LE HOC, 14800 DEAUVILLE<\/p><p>Immatricul\u00e9e au Registre du Commerce et des Soci\u00e9t\u00e9s de<strong> Lisieux <\/strong>sous le num\u00e9ro <strong>81778151100032<\/strong><\/p><p>Directeur de la\u00a0 publication : <strong>Thomas SIVADIER<\/strong><\/p><p>Contactez le responsable de la publication :<strong> contact.lespetitsprinces@gmail.com<\/strong><\/p><\/div><\/div><p>\u00a0<\/p><div class=\"elementor-element elementor-element-aefe30e elementor-widget elementor-widget-text-editor\" data-id=\"aefe30e\" data-element_type=\"widget\" data-widget_type=\"text-editor.default\"><div class=\"elementor-widget-container\"><p><span style=\"color: #1d1d1d; font-family: Montserrat, sans-serif; font-size: 2.3571em; letter-spacing: -0.3px;\">\u00c9diteur<\/span><\/p><p>\u00a0<\/p><\/div><\/div><div class=\"elementor-element elementor-element-e4cbbfb elementor-widget elementor-widget-text-editor\" data-id=\"e4cbbfb\" data-element_type=\"widget\" data-widget_type=\"text-editor.default\"><div class=\"elementor-widget-container\"><p><strong>B&amp;D SOLUTIONS<\/strong><\/p><p>SAS au capital de 500\u20ac<\/p><p>14 Rue Beffroy, 92200 Neuilly-sur-seine<\/p><p>Immatricul\u00e9e au Registre du Commerce et des Soci\u00e9t\u00e9s de\u00a0<strong>Nanterre\u00a0<\/strong>sous le num\u00e9ro\u00a0<strong>852880038<\/strong><\/p><p>Num\u00e9ro TVA intracommunautaire :\u00a0<strong>FR25852880038<\/strong><\/p><p><span style=\"font-size: 17px; color: var( --e-global-color-7a1ccbe5 ); letter-spacing: 0px;\">Adresse de courrier \u00e9lectronique :\u00a0<\/span><strong style=\"font-size: 17px; color: var( --e-global-color-7a1ccbe5 ); letter-spacing: 0px;\">contact@bnd-solutions.com<\/strong><\/p><\/div><p>\u00a0<\/p><div class=\"elementor-widget-container\"><p><span style=\"color: #1d1d1d; font-family: Montserrat, sans-serif; font-size: 2.3571em; letter-spacing: -0.3px;\">H\u00e9bergement<\/span><\/p><p>\u00a0<\/p><\/div><\/div><div class=\"elementor-element elementor-element-e8a1a4a elementor-widget elementor-widget-text-editor\" data-id=\"e8a1a4a\" data-element_type=\"widget\" data-widget_type=\"text-editor.default\"><div class=\"elementor-widget-container\"><p>Le site est h\u00e9berg\u00e9 par\u00a0<strong>IONOS.<\/strong><\/p><\/div><\/div>\t\t\t\t\t\t\t\t<\/div>\n\t\t\t\t<\/div>\n\t\t\t\t\t<\/div>\n\t\t<\/div>\n\t\t\t\t\t<\/div>\n\t\t<\/section>\n\t\t\t\t<\/div>\n\t\t","protected":false},"excerpt":{"rendered":"<p>Mentions l\u00e9gales Mentions l\u00e9gales B\u00e9n\u00e9ficiaire \u00a0 LES PRINCES SARLau capital de 350 000\u20ac 73 RUE DESIRE LE HOC, 14800 DEAUVILLE Immatricul\u00e9e au Registre du Commerce et des Soci\u00e9t\u00e9s de Lisieux&hellip;<\/p>\n","protected":false},"author":1,"featured_media":0,"parent":0,"menu_order":0,"comment_status":"closed","ping_status":"closed","template":"","meta":{"footnotes":""},"class_list":["post-20257","page","type-page","status-publish","hentry"],"yoast_head":"<!-- This site is optimized with the Yoast SEO plugin v26.6 - https:\/\/yoast.com\/wordpress\/plugins\/seo\/ -->\n<title>Les Petits Princes - Mentions l\u00e9gales<\/title>\n<meta name=\"robots\" content=\"index, follow, max-snippet:-1, max-image-preview:large, max-video-preview:-1\" \/>\n<link rel=\"canonical\" href=\"https:\/\/brasserie-lespetitsprinces.com\/fr\/mentions-legales\/\" \/>\n<meta property=\"og:locale\" content=\"fr_FR\" \/>\n<meta property=\"og:type\" content=\"article\" \/>\n<meta property=\"og:title\" content=\"Les Petits Princes - Mentions l\u00e9gales\" \/>\n<meta property=\"og:description\" content=\"Mentions l\u00e9gales Mentions l\u00e9gales B\u00e9n\u00e9ficiaire \u00a0 LES PRINCES SARLau capital de 350 000\u20ac 73 RUE DESIRE LE HOC, 14800 DEAUVILLE Immatricul\u00e9e au Registre du Commerce et des Soci\u00e9t\u00e9s de Lisieux&hellip;\" \/>\n<meta property=\"og:url\" content=\"https:\/\/brasserie-lespetitsprinces.com\/fr\/mentions-legales\/\" \/>\n<meta property=\"og:site_name\" content=\"Les Petits Princes\" \/>\n<meta property=\"article:modified_time\" content=\"2024-06-28T15:18:31+00:00\" \/>\n<meta name=\"twitter:card\" content=\"summary_large_image\" \/>\n<meta name=\"twitter:label1\" content=\"Dur\u00e9e de lecture estim\u00e9e\" \/>\n\t<meta name=\"twitter:data1\" content=\"1 minute\" \/>\n<script type=\"application\/ld+json\" class=\"yoast-schema-graph\">{\"@context\":\"https:\/\/schema.org\",\"@graph\":[{\"@type\":\"WebPage\",\"@id\":\"https:\/\/brasserie-lespetitsprinces.com\/mentions-legales\/\",\"url\":\"https:\/\/brasserie-lespetitsprinces.com\/mentions-legales\/\",\"name\":\"Les Petits Princes - Mentions l\u00e9gales\",\"isPartOf\":{\"@id\":\"https:\/\/brasserie-lespetitsprinces.com\/#website\"},\"datePublished\":\"2024-06-28T15:07:28+00:00\",\"dateModified\":\"2024-06-28T15:18:31+00:00\",\"breadcrumb\":{\"@id\":\"https:\/\/brasserie-lespetitsprinces.com\/mentions-legales\/#breadcrumb\"},\"inLanguage\":\"fr-FR\",\"potentialAction\":[{\"@type\":\"ReadAction\",\"target\":[\"https:\/\/brasserie-lespetitsprinces.com\/mentions-legales\/\"]}]},{\"@type\":\"BreadcrumbList\",\"@id\":\"https:\/\/brasserie-lespetitsprinces.com\/mentions-legales\/#breadcrumb\",\"itemListElement\":[{\"@type\":\"ListItem\",\"position\":1,\"name\":\"Accueil\",\"item\":\"https:\/\/brasserie-lespetitsprinces.com\/\"},{\"@type\":\"ListItem\",\"position\":2,\"name\":\"Mentions l\u00e9gales\"}]},{\"@type\":\"WebSite\",\"@id\":\"https:\/\/brasserie-lespetitsprinces.com\/#website\",\"url\":\"https:\/\/brasserie-lespetitsprinces.com\/\",\"name\":\"Les Petits Princes\",\"description\":\"Brasserie \u00e0 Deauville\",\"publisher\":{\"@id\":\"https:\/\/brasserie-lespetitsprinces.com\/#organization\"},\"potentialAction\":[{\"@type\":\"SearchAction\",\"target\":{\"@type\":\"EntryPoint\",\"urlTemplate\":\"https:\/\/brasserie-lespetitsprinces.com\/?s={search_term_string}\"},\"query-input\":{\"@type\":\"PropertyValueSpecification\",\"valueRequired\":true,\"valueName\":\"search_term_string\"}}],\"inLanguage\":\"fr-FR\"},{\"@type\":\"Organization\",\"@id\":\"https:\/\/brasserie-lespetitsprinces.com\/#organization\",\"name\":\"Les Petits Princes\",\"url\":\"https:\/\/brasserie-lespetitsprinces.com\/\",\"logo\":{\"@type\":\"ImageObject\",\"inLanguage\":\"fr-FR\",\"@id\":\"https:\/\/brasserie-lespetitsprinces.com\/#\/schema\/logo\/image\/\",\"url\":\"https:\/\/brasserie-lespetitsprinces.com\/wp-content\/uploads\/2024\/06\/cropped-LPP-ok_Plan-de-travail-1-copie-7-e1718185353668.png\",\"contentUrl\":\"https:\/\/brasserie-lespetitsprinces.com\/wp-content\/uploads\/2024\/06\/cropped-LPP-ok_Plan-de-travail-1-copie-7-e1718185353668.png\",\"width\":801,\"height\":993,\"caption\":\"Les Petits Princes\"},\"image\":{\"@id\":\"https:\/\/brasserie-lespetitsprinces.com\/#\/schema\/logo\/image\/\"},\"sameAs\":[\"https:\/\/www.instagram.com\/lespetitsprinces.deauville\/\"]}]}<\/script>\n<!-- \/ Yoast SEO plugin. -->","yoast_head_json":{"title":"Les Petits Princes - Mentions l\u00e9gales","robots":{"index":"index","follow":"follow","max-snippet":"max-snippet:-1","max-image-preview":"max-image-preview:large","max-video-preview":"max-video-preview:-1"},"canonical":"https:\/\/brasserie-lespetitsprinces.com\/fr\/mentions-legales\/","og_locale":"fr_FR","og_type":"article","og_title":"Les Petits Princes - Mentions l\u00e9gales","og_description":"Mentions l\u00e9gales Mentions l\u00e9gales B\u00e9n\u00e9ficiaire \u00a0 LES PRINCES SARLau capital de 350 000\u20ac 73 RUE DESIRE LE HOC, 14800 DEAUVILLE Immatricul\u00e9e au Registre du Commerce et des Soci\u00e9t\u00e9s de Lisieux&hellip;","og_url":"https:\/\/brasserie-lespetitsprinces.com\/fr\/mentions-legales\/","og_site_name":"Les Petits Princes","article_modified_time":"2024-06-28T15:18:31+00:00","twitter_card":"summary_large_image","twitter_misc":{"Dur\u00e9e de lecture estim\u00e9e":"1 minute"},"schema":{"@context":"https:\/\/schema.org","@graph":[{"@type":"WebPage","@id":"https:\/\/brasserie-lespetitsprinces.com\/mentions-legales\/","url":"https:\/\/brasserie-lespetitsprinces.com\/mentions-legales\/","name":"Les Petits Princes - Mentions l\u00e9gales","isPartOf":{"@id":"https:\/\/brasserie-lespetitsprinces.com\/#website"},"datePublished":"2024-06-28T15:07:28+00:00","dateModified":"2024-06-28T15:18:31+00:00","breadcrumb":{"@id":"https:\/\/brasserie-lespetitsprinces.com\/mentions-legales\/#breadcrumb"},"inLanguage":"fr-FR","potentialAction":[{"@type":"ReadAction","target":["https:\/\/brasserie-lespetitsprinces.com\/mentions-legales\/"]}]},{"@type":"BreadcrumbList","@id":"https:\/\/brasserie-lespetitsprinces.com\/mentions-legales\/#breadcrumb","itemListElement":[{"@type":"ListItem","position":1,"name":"Accueil","item":"https:\/\/brasserie-lespetitsprinces.com\/"},{"@type":"ListItem","position":2,"name":"Mentions l\u00e9gales"}]},{"@type":"WebSite","@id":"https:\/\/brasserie-lespetitsprinces.com\/#website","url":"https:\/\/brasserie-lespetitsprinces.com\/","name":"Les Petits Princes","description":"Brasserie \u00e0 Deauville","publisher":{"@id":"https:\/\/brasserie-lespetitsprinces.com\/#organization"},"potentialAction":[{"@type":"SearchAction","target":{"@type":"EntryPoint","urlTemplate":"https:\/\/brasserie-lespetitsprinces.com\/?s={search_term_string}"},"query-input":{"@type":"PropertyValueSpecification","valueRequired":true,"valueName":"search_term_string"}}],"inLanguage":"fr-FR"},{"@type":"Organization","@id":"https:\/\/brasserie-lespetitsprinces.com\/#organization","name":"Les Petits Princes","url":"https:\/\/brasserie-lespetitsprinces.com\/","logo":{"@type":"ImageObject","inLanguage":"fr-FR","@id":"https:\/\/brasserie-lespetitsprinces.com\/#\/schema\/logo\/image\/","url":"https:\/\/brasserie-lespetitsprinces.com\/wp-content\/uploads\/2024\/06\/cropped-LPP-ok_Plan-de-travail-1-copie-7-e1718185353668.png","contentUrl":"https:\/\/brasserie-lespetitsprinces.com\/wp-content\/uploads\/2024\/06\/cropped-LPP-ok_Plan-de-travail-1-copie-7-e1718185353668.png","width":801,"height":993,"caption":"Les Petits Princes"},"image":{"@id":"https:\/\/brasserie-lespetitsprinces.com\/#\/schema\/logo\/image\/"},"sameAs":["https:\/\/www.instagram.com\/lespetitsprinces.deauville\/"]}]}},"_links":{"self":[{"href":"https:\/\/brasserie-lespetitsprinces.com\/fr\/wp-json\/wp\/v2\/pages\/20257","targetHints":{"allow":["GET"]}}],"collection":[{"href":"https:\/\/brasserie-lespetitsprinces.com\/fr\/wp-json\/wp\/v2\/pages"}],"about":[{"href":"https:\/\/brasserie-lespetitsprinces.com\/fr\/wp-json\/wp\/v2\/types\/page"}],"author":[{"embeddable":true,"href":"https:\/\/brasserie-lespetitsprinces.com\/fr\/wp-json\/wp\/v2\/users\/1"}],"replies":[{"embeddable":true,"href":"https:\/\/brasserie-lespetitsprinces.com\/fr\/wp-json\/wp\/v2\/comments?post=20257"}],"version-history":[{"count":16,"href":"https:\/\/brasserie-lespetitsprinces.com\/fr\/wp-json\/wp\/v2\/pages\/20257\/revisions"}],"predecessor-version":[{"id":20273,"href":"https:\/\/brasserie-lespetitsprinces.com\/fr\/wp-json\/wp\/v2\/pages\/20257\/revisions\/20273"}],"wp:attachment":[{"href":"https:\/\/brasserie-lespetitsprinces.com\/fr\/wp-json\/wp\/v2\/media?parent=20257"}],"curies":[{"name":"wp","href":"https:\/\/api.w.org\/{rel}","templated":true}]}}